{"id":90,"date":"2025-12-06T21:57:11","date_gmt":"2025-12-06T21:57:11","guid":{"rendered":"https:\/\/cezaevikontoryukleme.com.tr\/?page_id=90"},"modified":"2026-04-02T18:40:10","modified_gmt":"2026-04-02T18:40:10","slug":"iletisim","status":"publish","type":"page","link":"https:\/\/cezaevikontoryukleme.com.tr\/?page_id=90","title":{"rendered":"\u0130leti\u015fim"},"content":{"rendered":"\n<h1 class=\"wp-block-heading\"><strong>\u0130leti\u015fim<\/strong><\/h1>\n\n\n\n<p>Sorular\u0131n\u0131z, bilgilendirme talepleriniz veya destek ihtiya\u00e7lar\u0131n\u0131z i\u00e7in bize her zaman ula\u015fabilirsiniz.<br><strong>WhatsApp Destek Hatt\u0131:<\/strong> 0551 340 59 24<br><strong>Destek Saatleri:<\/strong> 7\/24 Aktif<\/p>\n\n\n\n<p><a href=\"https:\/\/wa.me\/905513405924\">https:\/\/wa.me\/905513405924<\/a><\/p>\n\n\n\nhttps:\/\/wa.me\/905513405924\n\n\n\n<p>Stc  ileti\u015fim  ma\u011faza adresimiz  mehmet  akif  ersoy  mah ufuk cad 42 b esenyurt  istanbul<\/p>\n\n\n\n<figure class=\"wp-block-image size-large\"><img loading=\"lazy\" decoding=\"async\" width=\"1024\" height=\"768\" src=\"https:\/\/cezaevikontoryukleme.com.tr\/wp-content\/uploads\/2026\/03\/WhatsApp-Image-2026-02-22-at-23.56.15-1-1024x768.jpeg\" alt=\"\" class=\"wp-image-136\" srcset=\"https:\/\/cezaevikontoryukleme.com.tr\/wp-content\/uploads\/2026\/03\/WhatsApp-Image-2026-02-22-at-23.56.15-1-1024x768.jpeg 1024w, https:\/\/cezaevikontoryukleme.com.tr\/wp-content\/uploads\/2026\/03\/WhatsApp-Image-2026-02-22-at-23.56.15-1-300x225.jpeg 300w, https:\/\/cezaevikontoryukleme.com.tr\/wp-content\/uploads\/2026\/03\/WhatsApp-Image-2026-02-22-at-23.56.15-1-768x576.jpeg 768w, https:\/\/cezaevikontoryukleme.com.tr\/wp-content\/uploads\/2026\/03\/WhatsApp-Image-2026-02-22-at-23.56.15-1-1536x1152.jpeg 1536w, https:\/\/cezaevikontoryukleme.com.tr\/wp-content\/uploads\/2026\/03\/WhatsApp-Image-2026-02-22-at-23.56.15-1.jpeg 2048w\" sizes=\"auto, (max-width: 1024px) 100vw, 1024px\" \/><\/figure>\n\n\n\n<figure class=\"wp-block-image size-large\"><img loading=\"lazy\" decoding=\"async\" width=\"1019\" height=\"1024\" src=\"https:\/\/cezaevikontoryukleme.com.tr\/wp-content\/uploads\/2026\/03\/78-1019x1024.jpeg\" alt=\"\" class=\"wp-image-137\" srcset=\"https:\/\/cezaevikontoryukleme.com.tr\/wp-content\/uploads\/2026\/03\/78-1019x1024.jpeg 1019w, https:\/\/cezaevikontoryukleme.com.tr\/wp-content\/uploads\/2026\/03\/78-298x300.jpeg 298w, https:\/\/cezaevikontoryukleme.com.tr\/wp-content\/uploads\/2026\/03\/78-150x150.jpeg 150w, https:\/\/cezaevikontoryukleme.com.tr\/wp-content\/uploads\/2026\/03\/78-768x772.jpeg 768w, https:\/\/cezaevikontoryukleme.com.tr\/wp-content\/uploads\/2026\/03\/78.jpeg 1365w\" sizes=\"auto, (max-width: 1019px) 100vw, 1019px\" \/><figcaption class=\"wp-element-caption\">A retro payphone with a blue background<\/figcaption><\/figure>\n\n\n\n<figure class=\"wp-block-image size-large\"><img loading=\"lazy\" decoding=\"async\" width=\"1024\" height=\"683\" src=\"https:\/\/cezaevikontoryukleme.com.tr\/wp-content\/uploads\/2026\/03\/6-1-1024x683.jpeg\" alt=\"\" class=\"wp-image-138\" srcset=\"https:\/\/cezaevikontoryukleme.com.tr\/wp-content\/uploads\/2026\/03\/6-1-1024x683.jpeg 1024w, https:\/\/cezaevikontoryukleme.com.tr\/wp-content\/uploads\/2026\/03\/6-1-300x200.jpeg 300w, https:\/\/cezaevikontoryukleme.com.tr\/wp-content\/uploads\/2026\/03\/6-1-768x512.jpeg 768w, https:\/\/cezaevikontoryukleme.com.tr\/wp-content\/uploads\/2026\/03\/6-1.jpeg 1536w\" sizes=\"auto, (max-width: 1024px) 100vw, 1024px\" \/><\/figure>\n\n\n<h2 class=\"wp-block-post-title\">\u0130leti\u015fim<\/h2>\n\n\n<p><a href=\"https:\/\/wa.me\/905513405924\">https:\/\/wa.me\/905513405924<\/a><\/p>\n\n\n\n<a href=\"https:\/\/wa.me\/905513405924\" target=\"_blank\" class=\"wp-pro\">\n    <img decoding=\"async\" src=\"https:\/\/cdn-icons-png.flaticon.com\/512\/733\/733585.png\" width=\"24\">\n    WhatsApp Destek\n<\/a>\n\n<style>\n.wp-pro {\n    display: inline-flex;\n    align-items: center;\n    gap: 10px;\n    background: #25D366;\n    color: white;\n    padding: 12px 20px;\n    border-radius: 30px;\n    text-decoration: none;\n    font-weight: bold;\n}\n\n.wp-pro:hover {\n    background: #1ebe5d;\n}\n<\/style>\n\n","protected":false},"excerpt":{"rendered":"<p>\u0130leti\u015fim Sorular\u0131n\u0131z, bilgilendirme talepleriniz veya destek ihtiya\u00e7lar\u0131n\u0131z i\u00e7in bize her zaman ula\u015fabilirsiniz.WhatsApp Destek Hatt\u0131: 0551 340 59 24Destek Saatleri: 7\/24 Aktif https:\/\/wa.me\/905513405924 https:\/\/wa.me\/905513405924 Stc ileti\u015fim ma\u011faza adresimiz mehmet akif ersoy mah ufuk cad 42 b esenyurt istanbul https:\/\/wa.me\/905513405924 WhatsApp Destek<\/p>\n","protected":false},"author":1,"featured_media":0,"parent":0,"menu_order":0,"comment_status":"closed","ping_status":"closed","template":"","meta":{"footnotes":""},"class_list":["post-90","page","type-page","status-publish","hentry"],"_links":{"self":[{"href":"https:\/\/cezaevikontoryukleme.com.tr\/index.php?rest_route=\/wp\/v2\/pages\/90","targetHints":{"allow":["GET"]}}],"collection":[{"href":"https:\/\/cezaevikontoryukleme.com.tr\/index.php?rest_route=\/wp\/v2\/pages"}],"about":[{"href":"https:\/\/cezaevikontoryukleme.com.tr\/index.php?rest_route=\/wp\/v2\/types\/page"}],"author":[{"embeddable":true,"href":"https:\/\/cezaevikontoryukleme.com.tr\/index.php?rest_route=\/wp\/v2\/users\/1"}],"replies":[{"embeddable":true,"href":"https:\/\/cezaevikontoryukleme.com.tr\/index.php?rest_route=%2Fwp%2Fv2%2Fcomments&post=90"}],"version-history":[{"count":7,"href":"https:\/\/cezaevikontoryukleme.com.tr\/index.php?rest_route=\/wp\/v2\/pages\/90\/revisions"}],"predecessor-version":[{"id":245,"href":"https:\/\/cezaevikontoryukleme.com.tr\/index.php?rest_route=\/wp\/v2\/pages\/90\/revisions\/245"}],"wp:attachment":[{"href":"https:\/\/cezaevikontoryukleme.com.tr\/index.php?rest_route=%2Fwp%2Fv2%2Fmedia&parent=90"}],"curies":[{"name":"wp","href":"https:\/\/api.w.org\/{rel}","templated":true}]}}